{"id":430,"date":"2017-01-02T17:06:25","date_gmt":"2017-01-02T16:06:25","guid":{"rendered":"https:\/\/www.foxymed.com\/?page_id=430"},"modified":"2018-11-02T12:42:47","modified_gmt":"2018-11-02T11:42:47","slug":"contact-us","status":"publish","type":"page","link":"https:\/\/www.foxymed.com\/en\/contact-us\/","title":{"rendered":"Contact us"},"content":{"rendered":"<p>[et_pb_section fb_built=&#8221;1&#8243; fullwidth=&#8221;on&#8221; custom_padding_last_edited=&#8221;on|desktop&#8221; _builder_version=&#8221;3.0.74&#8243; custom_padding_tablet=&#8221;50px|0|50px|0&#8243; transparent_background=&#8221;off&#8221; padding_mobile=&#8221;off&#8221;][et_pb_fullwidth_map address=&#8221;Kennington, Ashford, Royaume-Uni&#8221; zoom_level=&#8221;11&#8243; address_lat=&#8221;51.17989462883883&#8243; address_lng=&#8221;0.9039178360595956&#8243; mouse_wheel=&#8221;off&#8221; _builder_version=&#8221;3.0.94&#8243; custom_margin=&#8221;110px||0px|&#8221; custom_margin_tablet=&#8221;50px||0px|&#8221; custom_margin_last_edited=&#8221;on|phone&#8221;][et_pb_map_pin title=&#8221;FOXYMED &#8211; Great Britain&#8221; pin_address=&#8221;Kennington, Ashford, Royaume-Uni&#8221; pin_address_lat=&#8221;51.171242&#8243; pin_address_lng=&#8221;0.8931890000000067&#8243; _builder_version=&#8221;3.0.47&#8243;] [\/et_pb_map_pin][et_pb_map_pin title=&#8221;FOXYMED &#8211; France&#8221; pin_address=&#8221;60 Rue Saint-Andr\u00e9 des Arts, 75006 Paris, France&#8221; pin_address_lat=&#8221;48.8536273&#8243; pin_address_lng=&#8221;2.339743799999951&#8243; _builder_version=&#8221;3.0.47&#8243;] [\/et_pb_map_pin][\/et_pb_fullwidth_map][\/et_pb_section][et_pb_section fb_built=&#8221;1&#8243; custom_padding_last_edited=&#8221;on|desktop&#8221; admin_label=&#8221;section&#8221; _builder_version=&#8221;3.0.74&#8243; background_color=&#8221;#4c4c4c&#8221; custom_padding_tablet=&#8221;50px|0|50px|0&#8243; transparent_background=&#8221;off&#8221; padding_mobile=&#8221;off&#8221;][et_pb_row padding_mobile=&#8221;off&#8221; column_padding_mobile=&#8221;on&#8221; admin_label=&#8221;row&#8221; _builder_version=&#8221;3.0.47&#8243; background_size=&#8221;initial&#8221; background_position=&#8221;top_left&#8221; background_repeat=&#8221;repeat&#8221;][et_pb_column type=&#8221;2_3&#8243; _builder_version=&#8221;3.0.47&#8243; column_padding_mobile=&#8221;on&#8221; parallax=&#8221;off&#8221; parallax_method=&#8221;on&#8221;][et_pb_text admin_label=&#8221;Titre&#8221; _builder_version=&#8221;3.0.87&#8243; background_size=&#8221;initial&#8221; background_position=&#8221;top_left&#8221; background_repeat=&#8221;repeat&#8221; background_layout=&#8221;dark&#8221; use_border_color=&#8221;off&#8221; border_color=&#8221;#ffffff&#8221; border_style=&#8221;solid&#8221;]<\/p>\n<h1>Contact us<\/h1>\n<p>[\/et_pb_text][et_pb_contact_form email=&#8221;post@foxymed.com&#8221; custom_message=&#8221;Message envoy\u00e9 par %%Name%%||et_pb_line_break_holder||Email : %%Email%%||et_pb_line_break_holder||||et_pb_line_break_holder||Message :||et_pb_line_break_holder||%%Message%%||et_pb_line_break_holder||||et_pb_line_break_holder||RGPD : %%RGPD%%&#8221; module_id=&#8221;et_pb_contact_form_0&#8243; module_class=&#8221;foxy-contact&#8221; _builder_version=&#8221;3.17.5&#8243; form_field_font=&#8221;||||||||&#8221; form_field_text_color=&#8221;#999999&#8243; form_field_font_size=&#8221;16px&#8221; border_radii=&#8221;on|0px|0px|0px|0px&#8221; custom_button=&#8221;on&#8221; button_text_color=&#8221;#e09900&#8243; button_border_color=&#8221;#e09900&#8243; button_use_icon=&#8221;default&#8221; use_border_color=&#8221;off&#8221; border_color=&#8221;#ffffff&#8221; border_style=&#8221;solid&#8221; input_border_radius=&#8221;0&#8243; button_bg_color_hover=&#8221;#444444&#8243; button_border_color_hover=&#8221;rgba(224,153,0,0)&#8221;][et_pb_contact_field field_id=&#8221;Name&#8221; field_title=&#8221;Name *&#8221; _builder_version=&#8221;3.16&#8243; form_field_font=&#8221;||||&#8221; border_radii=&#8221;on||||&#8221; use_border_color=&#8221;off&#8221; border_style=&#8221;solid&#8221; button_text_size__hover_enabled=&#8221;off&#8221; button_one_text_size__hover_enabled=&#8221;off&#8221; button_two_text_size__hover_enabled=&#8221;off&#8221; button_text_color__hover_enabled=&#8221;off&#8221; button_one_text_color__hover_enabled=&#8221;off&#8221; button_two_text_color__hover_enabled=&#8221;off&#8221; button_border_width__hover_enabled=&#8221;off&#8221; button_one_border_width__hover_enabled=&#8221;off&#8221; button_two_border_width__hover_enabled=&#8221;off&#8221; button_border_color__hover_enabled=&#8221;off&#8221; button_one_border_color__hover_enabled=&#8221;off&#8221; button_two_border_color__hover_enabled=&#8221;off&#8221; button_border_radius__hover_enabled=&#8221;off&#8221; button_one_border_radius__hover_enabled=&#8221;off&#8221; button_two_border_radius__hover_enabled=&#8221;off&#8221; button_letter_spacing__hover_enabled=&#8221;off&#8221; button_one_letter_spacing__hover_enabled=&#8221;off&#8221; button_two_letter_spacing__hover_enabled=&#8221;off&#8221; button_bg_color__hover_enabled=&#8221;off&#8221; button_one_bg_color__hover_enabled=&#8221;off&#8221; button_two_bg_color__hover_enabled=&#8221;off&#8221;] [\/et_pb_contact_field][et_pb_contact_field field_id=&#8221;Email&#8221; field_title=&#8221;E-mail address *&#8221; field_type=&#8221;email&#8221; _builder_version=&#8221;3.16&#8243; form_field_font=&#8221;||||&#8221; border_radii=&#8221;on||||&#8221; use_border_color=&#8221;off&#8221; border_style=&#8221;solid&#8221; button_text_size__hover_enabled=&#8221;off&#8221; button_one_text_size__hover_enabled=&#8221;off&#8221; button_two_text_size__hover_enabled=&#8221;off&#8221; button_text_color__hover_enabled=&#8221;off&#8221; button_one_text_color__hover_enabled=&#8221;off&#8221; button_two_text_color__hover_enabled=&#8221;off&#8221; button_border_width__hover_enabled=&#8221;off&#8221; button_one_border_width__hover_enabled=&#8221;off&#8221; button_two_border_width__hover_enabled=&#8221;off&#8221; button_border_color__hover_enabled=&#8221;off&#8221; button_one_border_color__hover_enabled=&#8221;off&#8221; button_two_border_color__hover_enabled=&#8221;off&#8221; button_border_radius__hover_enabled=&#8221;off&#8221; button_one_border_radius__hover_enabled=&#8221;off&#8221; button_two_border_radius__hover_enabled=&#8221;off&#8221; button_letter_spacing__hover_enabled=&#8221;off&#8221; button_one_letter_spacing__hover_enabled=&#8221;off&#8221; button_two_letter_spacing__hover_enabled=&#8221;off&#8221; button_bg_color__hover_enabled=&#8221;off&#8221; button_one_bg_color__hover_enabled=&#8221;off&#8221; button_two_bg_color__hover_enabled=&#8221;off&#8221;] [\/et_pb_contact_field][et_pb_contact_field field_id=&#8221;Message&#8221; field_title=&#8221;Message *&#8221; field_type=&#8221;text&#8221; fullwidth_field=&#8221;on&#8221; _builder_version=&#8221;3.16&#8243; form_field_font=&#8221;||||&#8221; border_radii=&#8221;on||||&#8221; use_border_color=&#8221;off&#8221; border_style=&#8221;solid&#8221; button_text_size__hover_enabled=&#8221;off&#8221; button_one_text_size__hover_enabled=&#8221;off&#8221; button_two_text_size__hover_enabled=&#8221;off&#8221; button_text_color__hover_enabled=&#8221;off&#8221; button_one_text_color__hover_enabled=&#8221;off&#8221; button_two_text_color__hover_enabled=&#8221;off&#8221; button_border_width__hover_enabled=&#8221;off&#8221; button_one_border_width__hover_enabled=&#8221;off&#8221; button_two_border_width__hover_enabled=&#8221;off&#8221; button_border_color__hover_enabled=&#8221;off&#8221; button_one_border_color__hover_enabled=&#8221;off&#8221; button_two_border_color__hover_enabled=&#8221;off&#8221; button_border_radius__hover_enabled=&#8221;off&#8221; button_one_border_radius__hover_enabled=&#8221;off&#8221; button_two_border_radius__hover_enabled=&#8221;off&#8221; button_letter_spacing__hover_enabled=&#8221;off&#8221; button_one_letter_spacing__hover_enabled=&#8221;off&#8221; button_two_letter_spacing__hover_enabled=&#8221;off&#8221; button_bg_color__hover_enabled=&#8221;off&#8221; button_one_bg_color__hover_enabled=&#8221;off&#8221; button_two_bg_color__hover_enabled=&#8221;off&#8221;] [\/et_pb_contact_field][et_pb_contact_field field_id=&#8221;RGPD&#8221; field_title=&#8221;Personal data *&#8221; field_type=&#8221;checkbox&#8221; checkbox_options=&#8221;%91{%22value%22:%22I have read and accept the privacy policy.%22,%22checked%22:0,%22dragID%22:-1,%22link_text%22:%22Read more.%22,%22link_url%22:%22https:\/\/www.foxymed.com\/en\/legal-notice\/#data%22}%93&#8243; fullwidth_field=&#8221;on&#8221; _builder_version=&#8221;3.17.5&#8243; button_text_size__hover_enabled=&#8221;off&#8221; button_one_text_size__hover_enabled=&#8221;off&#8221; button_two_text_size__hover_enabled=&#8221;off&#8221; button_text_color__hover_enabled=&#8221;off&#8221; button_one_text_color__hover_enabled=&#8221;off&#8221; button_two_text_color__hover_enabled=&#8221;off&#8221; button_border_width__hover_enabled=&#8221;off&#8221; button_one_border_width__hover_enabled=&#8221;off&#8221; button_two_border_width__hover_enabled=&#8221;off&#8221; button_border_color__hover_enabled=&#8221;off&#8221; button_one_border_color__hover_enabled=&#8221;off&#8221; button_two_border_color__hover_enabled=&#8221;off&#8221; button_border_radius__hover_enabled=&#8221;off&#8221; button_one_border_radius__hover_enabled=&#8221;off&#8221; button_two_border_radius__hover_enabled=&#8221;off&#8221; button_letter_spacing__hover_enabled=&#8221;off&#8221; button_one_letter_spacing__hover_enabled=&#8221;off&#8221; button_two_letter_spacing__hover_enabled=&#8221;off&#8221; button_bg_color__hover_enabled=&#8221;off&#8221; button_one_bg_color__hover_enabled=&#8221;off&#8221; button_two_bg_color__hover_enabled=&#8221;off&#8221;][\/et_pb_contact_field][\/et_pb_contact_form][et_pb_text _builder_version=&#8221;3.4.1&#8243; text_font=&#8221;||||||||&#8221; text_text_color=&#8221;#ffffff&#8221;]<small>(*) Required fields<\/small>[\/et_pb_text][\/et_pb_column][et_pb_column type=&#8221;1_3&#8243; _builder_version=&#8221;3.0.47&#8243; column_padding_mobile=&#8221;on&#8221; parallax=&#8221;off&#8221; parallax_method=&#8221;on&#8221;][et_pb_text admin_label=&#8221;Adresse GB&#8221; _builder_version=&#8221;3.0.87&#8243; background_size=&#8221;initial&#8221; background_position=&#8221;top_left&#8221; background_repeat=&#8221;repeat&#8221; background_layout=&#8221;dark&#8221; use_border_color=&#8221;off&#8221; border_color=&#8221;#ffffff&#8221; border_style=&#8221;solid&#8221;]<strong>Address in the UNITED KINGDOM :<\/strong><br \/>\nRift House Upper Pemberton<br \/>\nKennington<br \/>\nAshford<br \/>\nKent, TN254 AZ<\/p>\n<p>Tel. : 012 33 649 215<br \/>\nFax : 012 33 649 301<br \/>\n[\/et_pb_text][et_pb_divider color=&#8221;#ffffff&#8221; divider_weight=&#8221;1px&#8221; height=&#8221;10px&#8221; disabled_on=&#8221;off|on|off&#8221; _builder_version=&#8221;3.2&#8243; hide_on_mobile=&#8221;off&#8221;][\/et_pb_divider][et_pb_text admin_label=&#8221;Adresse FR&#8221; _builder_version=&#8221;3.0.87&#8243; background_size=&#8221;initial&#8221; background_position=&#8221;top_left&#8221; background_repeat=&#8221;repeat&#8221; background_layout=&#8221;dark&#8221; use_border_color=&#8221;off&#8221; border_color=&#8221;#ffffff&#8221; border_style=&#8221;solid&#8221;]<strong>Adress in FRANCE :<\/strong><br \/>\n60, rue Saint-Andr\u00e9-des-Arts<br \/>\n75006 PARIS<br \/>\nFRANCE<\/p>\n<p>Tel. : +33 1 55 33 70 22<br \/>\nFax : +33 1 55 33 70 24<br \/>\n[\/et_pb_text][\/et_pb_column][\/et_pb_row][\/et_pb_section]<\/p>\n","protected":false},"excerpt":{"rendered":"<p>Contact us (*) Required fieldsAddress in the UNITED KINGDOM : Rift House Upper Pemberton Kennington Ashford Kent, TN254 AZ Tel. : 012 33 649 215 Fax : 012 33 649 301 Adress in FRANCE : 60, rue Saint-Andr\u00e9-des-Arts 75006 PARIS FRANCE Tel. : +33 1 55 33 70 22 Fax : +33 1 55 33 [&hellip;]<\/p>\n","protected":false},"author":1,"featured_media":0,"parent":0,"menu_order":0,"comment_status":"closed","ping_status":"closed","template":"","meta":{"_et_pb_use_builder":"on","_et_pb_old_content":"<p>C\u2019est une page avec des informations de contact de base, comme l\u2019adresse et le num\u00e9ro de t\u00e9l\u00e9phone. Vous pouvez aussi essayer une extension pour ajouter un formulaire de contact.<\/p>","_et_gb_content_width":"","footnotes":""},"class_list":["post-430","page","type-page","status-publish","hentry"],"yoast_head":"<!-- This site is optimized with the Yoast SEO plugin v27.5 - https:\/\/yoast.com\/product\/yoast-seo-wordpress\/ -->\n<title>Contact us - Foxymed<\/title>\n<meta name=\"description\" content=\"To contact foxymed: contact form and addresses in both United Kingdom and France.\" \/>\n<meta name=\"robots\" content=\"index, follow, max-snippet:-1, max-image-preview:large, max-video-preview:-1\" \/>\n<link rel=\"canonical\" href=\"https:\/\/www.foxymed.com\/en\/contact-us\/\" \/>\n<meta property=\"og:locale\" content=\"en_US\" \/>\n<meta property=\"og:type\" content=\"article\" \/>\n<meta property=\"og:title\" content=\"Contact us - Foxymed\" \/>\n<meta property=\"og:description\" content=\"To contact foxymed: contact form and addresses in both United Kingdom and France.\" \/>\n<meta property=\"og:url\" content=\"https:\/\/www.foxymed.com\/en\/contact-us\/\" \/>\n<meta property=\"og:site_name\" content=\"Foxymed\" \/>\n<meta property=\"article:modified_time\" content=\"2018-11-02T11:42:47+00:00\" \/>\n<meta name=\"twitter:label1\" content=\"Est. reading time\" \/>\n\t<meta name=\"twitter:data1\" content=\"6 minutes\" \/>\n<script type=\"application\/ld+json\" class=\"yoast-schema-graph\">{\"@context\":\"https:\\\/\\\/schema.org\",\"@graph\":[{\"@type\":\"WebPage\",\"@id\":\"https:\\\/\\\/www.foxymed.com\\\/en\\\/contact-us\\\/\",\"url\":\"https:\\\/\\\/www.foxymed.com\\\/en\\\/contact-us\\\/\",\"name\":\"Contact us - Foxymed\",\"isPartOf\":{\"@id\":\"https:\\\/\\\/www.foxymed.com\\\/#website\"},\"datePublished\":\"2017-01-02T16:06:25+00:00\",\"dateModified\":\"2018-11-02T11:42:47+00:00\",\"description\":\"To contact foxymed: contact form and addresses in both United Kingdom and France.\",\"breadcrumb\":{\"@id\":\"https:\\\/\\\/www.foxymed.com\\\/en\\\/contact-us\\\/#breadcrumb\"},\"inLanguage\":\"en-US\",\"potentialAction\":[{\"@type\":\"ReadAction\",\"target\":[\"https:\\\/\\\/www.foxymed.com\\\/en\\\/contact-us\\\/\"]}]},{\"@type\":\"BreadcrumbList\",\"@id\":\"https:\\\/\\\/www.foxymed.com\\\/en\\\/contact-us\\\/#breadcrumb\",\"itemListElement\":[{\"@type\":\"ListItem\",\"position\":1,\"name\":\"Accueil\",\"item\":\"https:\\\/\\\/www.foxymed.com\\\/en\\\/\"},{\"@type\":\"ListItem\",\"position\":2,\"name\":\"Contact us\"}]},{\"@type\":\"WebSite\",\"@id\":\"https:\\\/\\\/www.foxymed.com\\\/#website\",\"url\":\"https:\\\/\\\/www.foxymed.com\\\/\",\"name\":\"Foxymed\",\"description\":\"Medical Communication and Consultancy\",\"publisher\":{\"@id\":\"https:\\\/\\\/www.foxymed.com\\\/#organization\"},\"potentialAction\":[{\"@type\":\"SearchAction\",\"target\":{\"@type\":\"EntryPoint\",\"urlTemplate\":\"https:\\\/\\\/www.foxymed.com\\\/?s={search_term_string}\"},\"query-input\":{\"@type\":\"PropertyValueSpecification\",\"valueRequired\":true,\"valueName\":\"search_term_string\"}}],\"inLanguage\":\"en-US\"},{\"@type\":\"Organization\",\"@id\":\"https:\\\/\\\/www.foxymed.com\\\/#organization\",\"name\":\"Foxymed\",\"url\":\"https:\\\/\\\/www.foxymed.com\\\/\",\"logo\":{\"@type\":\"ImageObject\",\"inLanguage\":\"en-US\",\"@id\":\"https:\\\/\\\/www.foxymed.com\\\/#\\\/schema\\\/logo\\\/image\\\/\",\"url\":\"https:\\\/\\\/www.foxymed.com\\\/wp-content\\\/uploads\\\/2016\\\/12\\\/logo-foxymed-transparent.png\",\"contentUrl\":\"https:\\\/\\\/www.foxymed.com\\\/wp-content\\\/uploads\\\/2016\\\/12\\\/logo-foxymed-transparent.png\",\"width\":462,\"height\":262,\"caption\":\"Foxymed\"},\"image\":{\"@id\":\"https:\\\/\\\/www.foxymed.com\\\/#\\\/schema\\\/logo\\\/image\\\/\"}}]}<\/script>\n<!-- \/ Yoast SEO plugin. -->","yoast_head_json":{"title":"Contact us - Foxymed","description":"To contact foxymed: contact form and addresses in both United Kingdom and France.","robots":{"index":"index","follow":"follow","max-snippet":"max-snippet:-1","max-image-preview":"max-image-preview:large","max-video-preview":"max-video-preview:-1"},"canonical":"https:\/\/www.foxymed.com\/en\/contact-us\/","og_locale":"en_US","og_type":"article","og_title":"Contact us - Foxymed","og_description":"To contact foxymed: contact form and addresses in both United Kingdom and France.","og_url":"https:\/\/www.foxymed.com\/en\/contact-us\/","og_site_name":"Foxymed","article_modified_time":"2018-11-02T11:42:47+00:00","twitter_misc":{"Est. reading time":"6 minutes"},"schema":{"@context":"https:\/\/schema.org","@graph":[{"@type":"WebPage","@id":"https:\/\/www.foxymed.com\/en\/contact-us\/","url":"https:\/\/www.foxymed.com\/en\/contact-us\/","name":"Contact us - Foxymed","isPartOf":{"@id":"https:\/\/www.foxymed.com\/#website"},"datePublished":"2017-01-02T16:06:25+00:00","dateModified":"2018-11-02T11:42:47+00:00","description":"To contact foxymed: contact form and addresses in both United Kingdom and France.","breadcrumb":{"@id":"https:\/\/www.foxymed.com\/en\/contact-us\/#breadcrumb"},"inLanguage":"en-US","potentialAction":[{"@type":"ReadAction","target":["https:\/\/www.foxymed.com\/en\/contact-us\/"]}]},{"@type":"BreadcrumbList","@id":"https:\/\/www.foxymed.com\/en\/contact-us\/#breadcrumb","itemListElement":[{"@type":"ListItem","position":1,"name":"Accueil","item":"https:\/\/www.foxymed.com\/en\/"},{"@type":"ListItem","position":2,"name":"Contact us"}]},{"@type":"WebSite","@id":"https:\/\/www.foxymed.com\/#website","url":"https:\/\/www.foxymed.com\/","name":"Foxymed","description":"Medical Communication and Consultancy","publisher":{"@id":"https:\/\/www.foxymed.com\/#organization"},"potentialAction":[{"@type":"SearchAction","target":{"@type":"EntryPoint","urlTemplate":"https:\/\/www.foxymed.com\/?s={search_term_string}"},"query-input":{"@type":"PropertyValueSpecification","valueRequired":true,"valueName":"search_term_string"}}],"inLanguage":"en-US"},{"@type":"Organization","@id":"https:\/\/www.foxymed.com\/#organization","name":"Foxymed","url":"https:\/\/www.foxymed.com\/","logo":{"@type":"ImageObject","inLanguage":"en-US","@id":"https:\/\/www.foxymed.com\/#\/schema\/logo\/image\/","url":"https:\/\/www.foxymed.com\/wp-content\/uploads\/2016\/12\/logo-foxymed-transparent.png","contentUrl":"https:\/\/www.foxymed.com\/wp-content\/uploads\/2016\/12\/logo-foxymed-transparent.png","width":462,"height":262,"caption":"Foxymed"},"image":{"@id":"https:\/\/www.foxymed.com\/#\/schema\/logo\/image\/"}}]}},"_links":{"self":[{"href":"https:\/\/www.foxymed.com\/en\/wp-json\/wp\/v2\/pages\/430","targetHints":{"allow":["GET"]}}],"collection":[{"href":"https:\/\/www.foxymed.com\/en\/wp-json\/wp\/v2\/pages"}],"about":[{"href":"https:\/\/www.foxymed.com\/en\/wp-json\/wp\/v2\/types\/page"}],"author":[{"embeddable":true,"href":"https:\/\/www.foxymed.com\/en\/wp-json\/wp\/v2\/users\/1"}],"replies":[{"embeddable":true,"href":"https:\/\/www.foxymed.com\/en\/wp-json\/wp\/v2\/comments?post=430"}],"version-history":[{"count":18,"href":"https:\/\/www.foxymed.com\/en\/wp-json\/wp\/v2\/pages\/430\/revisions"}],"predecessor-version":[{"id":902,"href":"https:\/\/www.foxymed.com\/en\/wp-json\/wp\/v2\/pages\/430\/revisions\/902"}],"wp:attachment":[{"href":"https:\/\/www.foxymed.com\/en\/wp-json\/wp\/v2\/media?parent=430"}],"curies":[{"name":"wp","href":"https:\/\/api.w.org\/{rel}","templated":true}]}}